{"id":116,"date":"2026-01-23T14:27:37","date_gmt":"2026-01-23T11:27:37","guid":{"rendered":"https:\/\/pixelora.alakazam.web.tr\/?page_id=116"},"modified":"2026-02-25T13:38:59","modified_gmt":"2026-02-25T10:38:59","slug":"hakkimizda","status":"publish","type":"page","link":"https:\/\/pixelora.alakazam.web.tr\/index.php\/hakkimizda\/","title":{"rendered":"Hakk\u0131m\u0131zda"},"content":{"rendered":"\t\t<div data-elementor-type=\"wp-page\" data-elementor-id=\"116\" class=\"elementor elementor-116\" data-elementor-post-type=\"page\">\n\t\t\t\t<div class=\"elementor-element elementor-element-69a4a308 e-flex e-con-boxed e-con e-parent\" data-id=\"69a4a308\" data-element_type=\"container\">\n\t\t\t\t\t<div class=\"e-con-inner\">\n\t\t\t\t<div class=\"elementor-element elementor-element-5962907d elementor-widget elementor-widget-rkit_advanced_heading\" data-id=\"5962907d\" data-element_type=\"widget\" data-widget_type=\"rkit_advanced_heading.default\">\n\t\t\t\t<div class=\"elementor-widget-container\">\n\t\t\t\t\t<div class=\"rkit-advanced-heading-wrapper\"><h1 class=\"rkit-advanced-heading\"><span class=\"text-container\"><span class=\"text\">Hakk\u0131m\u0131zda<\/span><\/span><\/h1><\/div>\t\t\t\t<\/div>\n\t\t\t\t<\/div>\n\t\t\t\t\t<\/div>\n\t\t\t\t<\/div>\n\t\t<div class=\"elementor-element elementor-element-43ca6b6c e-flex e-con-boxed e-con e-parent\" data-id=\"43ca6b6c\" data-element_type=\"container\" data-settings=\"{&quot;background_background&quot;:&quot;gradient&quot;}\">\n\t\t\t\t\t<div class=\"e-con-inner\">\n\t\t<div class=\"elementor-element elementor-element-7990dd47 e-con-full e-flex e-con e-child\" data-id=\"7990dd47\" data-element_type=\"container\">\n\t\t\t\t<div class=\"elementor-element elementor-element-20d5b01 elementor-widget elementor-widget-image\" data-id=\"20d5b01\" data-element_type=\"widget\" data-widget_type=\"image.default\">\n\t\t\t\t\t\t\t\t\t\t\t\t\t\t\t<img fetchpriority=\"high\" decoding=\"async\" width=\"768\" height=\"856\" src=\"https:\/\/pixelora.alakazam.web.tr\/wp-content\/uploads\/2026\/01\/port-3-1.jpg\" class=\"attachment-large size-large wp-image-30\" alt=\"\" srcset=\"https:\/\/pixelora.alakazam.web.tr\/wp-content\/uploads\/2026\/01\/port-3-1.jpg 768w, https:\/\/pixelora.alakazam.web.tr\/wp-content\/uploads\/2026\/01\/port-3-1-269x300.jpg 269w\" sizes=\"(max-width: 768px) 100vw, 768px\" \/>\t\t\t\t\t\t\t\t\t\t\t\t\t\t\t<\/div>\n\t\t\t\t<\/div>\n\t\t<div class=\"elementor-element elementor-element-338ffc53 e-con-full e-flex e-con e-child\" data-id=\"338ffc53\" data-element_type=\"container\">\n\t\t\t\t<div class=\"elementor-element elementor-element-75b63700 elementor-widget elementor-widget-heading\" data-id=\"75b63700\" data-element_type=\"widget\" data-widget_type=\"heading.default\">\n\t\t\t\t\t<h3 class=\"elementor-heading-title elementor-size-default\">Dijitalde G\u00fc\u00e7l\u00fc Markalar \u0130n\u015fa Ediyoruz.<\/h3>\t\t\t\t<\/div>\n\t\t\t\t<div class=\"elementor-element elementor-element-2c68492c elementor-widget__width-initial elementor-widget elementor-widget-text-editor\" data-id=\"2c68492c\" data-element_type=\"widget\" data-widget_type=\"text-editor.default\">\n\t\t\t\t\t\t\t\t\t<p>Pixelora Digital, markalar\u0131n dijital d\u00fcnyada g\u00f6r\u00fcn\u00fcr, g\u00fc\u00e7l\u00fc ve s\u00fcrd\u00fcr\u00fclebilir bir yap\u0131ya sahip olmas\u0131 i\u00e7in strateji, tasar\u0131m ve teknoloji odakl\u0131 \u00e7\u00f6z\u00fcmler sunan bir dijital ajanst\u0131r.<\/p>\t\t\t\t\t\t\t\t<\/div>\n\t\t<div class=\"elementor-element elementor-element-20c4315e e-con-full e-flex e-con e-child\" data-id=\"20c4315e\" data-element_type=\"container\">\n\t\t\t\t<div class=\"elementor-element elementor-element-891c286 elementor-widget__width-initial elementor-widget elementor-widget-rkit-counter\" data-id=\"891c286\" data-element_type=\"widget\" data-widget_type=\"rkit-counter.default\">\n\t\t\t\t<div class=\"elementor-widget-container\">\n\t\t\t\t\t        <div class=\"rkit-counter\" data-start=\"0\" data-value=\"100\" data-duration=\"1000\" data-step=\"2\" data-separator=\"{&quot;thousand_separator&quot;:true,&quot;separator&quot;:&quot;comma&quot;}\">\r\n            <div class=\"counter-container\">\r\n                <div class=\"counter\">\r\n                    <span class=\"counter-preffix\"><\/span>\r\n                    <span class=\"count\"><\/span>\r\n                    <span class=\"counter-suffix\">+<\/span>\r\n                <\/div>\r\n                <span class=\"counter-title\">M\u00fc\u015fteri<\/span>\r\n            <\/div>\r\n        <\/div>\r\n\t\t\t\t<\/div>\n\t\t\t\t<\/div>\n\t\t\t\t<div class=\"elementor-element elementor-element-2d24c2c3 elementor-widget__width-initial elementor-widget elementor-widget-rkit-counter\" data-id=\"2d24c2c3\" data-element_type=\"widget\" data-widget_type=\"rkit-counter.default\">\n\t\t\t\t<div class=\"elementor-widget-container\">\n\t\t\t\t\t        <div class=\"rkit-counter\" data-start=\"0\" data-value=\"14\" data-duration=\"1000\" data-step=\"2\" data-separator=\"{&quot;thousand_separator&quot;:true,&quot;separator&quot;:&quot;comma&quot;}\">\r\n            <div class=\"counter-container\">\r\n                <div class=\"counter\">\r\n                    <span class=\"counter-preffix\"><\/span>\r\n                    <span class=\"count\"><\/span>\r\n                    <span class=\"counter-suffix\">+<\/span>\r\n                <\/div>\r\n                <span class=\"counter-title\">Y\u0131ll\u0131k Trcr\u00fcbe<\/span>\r\n            <\/div>\r\n        <\/div>\r\n\t\t\t\t<\/div>\n\t\t\t\t<\/div>\n\t\t\t\t<div class=\"elementor-element elementor-element-6144d4b9 elementor-widget__width-initial elementor-widget elementor-widget-rkit-counter\" data-id=\"6144d4b9\" data-element_type=\"widget\" data-widget_type=\"rkit-counter.default\">\n\t\t\t\t<div class=\"elementor-widget-container\">\n\t\t\t\t\t        <div class=\"rkit-counter\" data-start=\"0\" data-value=\"200\" data-duration=\"1000\" data-step=\"20\" data-separator=\"{&quot;thousand_separator&quot;:true,&quot;separator&quot;:&quot;comma&quot;}\">\r\n            <div class=\"counter-container\">\r\n                <div class=\"counter\">\r\n                    <span class=\"counter-preffix\"><\/span>\r\n                    <span class=\"count\"><\/span>\r\n                    <span class=\"counter-suffix\">M+<\/span>\r\n                <\/div>\r\n                <span class=\"counter-title\">Reklam Y\u00f6netimi<\/span>\r\n            <\/div>\r\n        <\/div>\r\n\t\t\t\t<\/div>\n\t\t\t\t<\/div>\n\t\t\t\t<\/div>\n\t\t\t\t<\/div>\n\t\t\t\t\t<\/div>\n\t\t\t\t<\/div>\n\t\t<div class=\"elementor-element elementor-element-29e74349 e-flex e-con-boxed e-con e-parent\" data-id=\"29e74349\" data-element_type=\"container\">\n\t\t\t\t\t<div class=\"e-con-inner\">\n\t\t<div class=\"elementor-element elementor-element-3ac08070 e-con-full e-flex e-con e-child\" data-id=\"3ac08070\" data-element_type=\"container\">\n\t\t\t\t<div class=\"elementor-element elementor-element-223af929 elementor-widget__width-initial elementor-widget elementor-widget-heading\" data-id=\"223af929\" data-element_type=\"widget\" data-widget_type=\"heading.default\">\n\t\t\t\t\t<h3 class=\"elementor-heading-title elementor-size-default\">Neden Bizi Tercih Etmelisiniz?<\/h3>\t\t\t\t<\/div>\n\t\t<div class=\"elementor-element elementor-element-224b84bf e-con-full e-flex e-con e-child\" data-id=\"224b84bf\" data-element_type=\"container\">\n\t\t<div class=\"elementor-element elementor-element-49249bc e-con-full e-flex e-con e-child\" data-id=\"49249bc\" data-element_type=\"container\">\n\t\t\t\t<div class=\"elementor-element elementor-element-60b6807b elementor-widget__width-initial elementor-widget elementor-widget-rkit-cta\" data-id=\"60b6807b\" data-element_type=\"widget\" data-widget_type=\"rkit-cta.default\">\n\t\t\t\t<div class=\"elementor-widget-container\">\n\t\t\t\t\t        <div class=\"rkit-cta rkit-cta-container-classic\">\r\n            <div class=\"rkit-cta-img__wrapper\">\r\n                <div class=\"rkit-cta-img__image move-up\" style=\"background-image:url('https:\/\/pixelora.alakazam.web.tr\/wp-content\/uploads\/2026\/01\/Img-5-1.jpg')\">\r\n                <\/div>\r\n                <div class=\"rkit-cta-img__overlay\">\r\n                <\/div>\r\n            <\/div>\r\n            <div class=\"rkit-cta-content__wrapper\">\r\n                                <div class=\"rkit-cta-text\">\r\n                    <h4 class=\"rkit-cta-title\">Strateji Odakl\u0131 Yakla\u015f\u0131m<\/h4>\r\n                    <div class=\"rkit-cta-description\">Her projeye tasar\u0131mla de\u011fil, stratejiyle ba\u015fl\u0131yoruz. Markan\u0131z\u0131, hedef kitlenizi ve rekabet ortam\u0131n\u0131z\u0131 analiz ederek dijital varl\u0131\u011f\u0131n\u0131z\u0131 rastgele de\u011fil, planl\u0131 bir \u015fekilde in\u015fa ediyoruz. B\u00f6ylece yap\u0131lan her yat\u0131r\u0131m\u0131n \u00f6l\u00e7\u00fclebilir bir amaca hizmet etmesini sa\u011fl\u0131yoruz.<\/div>\r\n                <\/div>\r\n                <a class=\"rkit-cta-button \" type=\"button\" href=\"#\" target=\"_blank\" rel=\"nofollow\">\r\n                                                        <\/a>\r\n            <\/div>\r\n            <div class=\"rkit-cta-ribbon \">\r\n                <div class=\"rkit-cta-ribbon__inner\">\r\n                                    <\/div>\r\n            <\/div>\r\n        <\/div>\r\n\t\t\t\t<\/div>\n\t\t\t\t<\/div>\n\t\t\t\t<\/div>\n\t\t<div class=\"elementor-element elementor-element-5afaf1ea e-con-full e-flex e-con e-child\" data-id=\"5afaf1ea\" data-element_type=\"container\">\n\t\t\t\t<div class=\"elementor-element elementor-element-1b962e elementor-widget__width-initial elementor-widget elementor-widget-rkit-cta\" data-id=\"1b962e\" data-element_type=\"widget\" data-widget_type=\"rkit-cta.default\">\n\t\t\t\t<div class=\"elementor-widget-container\">\n\t\t\t\t\t        <div class=\"rkit-cta rkit-cta-container-classic\">\r\n            <div class=\"rkit-cta-img__wrapper\">\r\n                <div class=\"rkit-cta-img__image move-up\" style=\"background-image:url('https:\/\/pixelora.alakazam.web.tr\/wp-content\/uploads\/2026\/01\/Img-6-1.jpg')\">\r\n                <\/div>\r\n                <div class=\"rkit-cta-img__overlay\">\r\n                <\/div>\r\n            <\/div>\r\n            <div class=\"rkit-cta-content__wrapper\">\r\n                                <div class=\"rkit-cta-text\">\r\n                    <h4 class=\"rkit-cta-title\">Modern ve Performansl\u0131 Altyap\u0131<\/h4>\r\n                    <div class=\"rkit-cta-description\">Sadece estetik tasar\u0131mlar \u00fcretmiyoruz; g\u00fc\u00e7l\u00fc ve s\u00fcrd\u00fcr\u00fclebilir altyap\u0131lar kuruyoruz. G\u00fcncel teknolojilerle geli\u015ftirilen sitelerimiz h\u0131zl\u0131, g\u00fcvenli ve uzun vadede b\u00fcy\u00fcmeye uygun bir yap\u0131ya sahiptir.<\/div>\r\n                <\/div>\r\n                <a class=\"rkit-cta-button \" type=\"button\" >\r\n                                                        <\/a>\r\n            <\/div>\r\n            <div class=\"rkit-cta-ribbon \">\r\n                <div class=\"rkit-cta-ribbon__inner\">\r\n                                    <\/div>\r\n            <\/div>\r\n        <\/div>\r\n\t\t\t\t<\/div>\n\t\t\t\t<\/div>\n\t\t\t\t<\/div>\n\t\t<div class=\"elementor-element elementor-element-472ea542 e-con-full e-flex e-con e-child\" data-id=\"472ea542\" data-element_type=\"container\">\n\t\t\t\t<div class=\"elementor-element elementor-element-6497c384 elementor-widget__width-initial elementor-widget elementor-widget-rkit-cta\" data-id=\"6497c384\" data-element_type=\"widget\" data-widget_type=\"rkit-cta.default\">\n\t\t\t\t<div class=\"elementor-widget-container\">\n\t\t\t\t\t        <div class=\"rkit-cta rkit-cta-container-classic\">\r\n            <div class=\"rkit-cta-img__wrapper\">\r\n                <div class=\"rkit-cta-img__image move-up\" style=\"background-image:url('https:\/\/pixelora.alakazam.web.tr\/wp-content\/uploads\/2026\/01\/Img-7-1.jpg')\">\r\n                <\/div>\r\n                <div class=\"rkit-cta-img__overlay\">\r\n                <\/div>\r\n            <\/div>\r\n            <div class=\"rkit-cta-content__wrapper\">\r\n                                <div class=\"rkit-cta-text\">\r\n                    <h4 class=\"rkit-cta-title\">SEO ve H\u0131z Optimizasyonu<\/h4>\r\n                    <div class=\"rkit-cta-description\">Bir web sitesi sadece g\u00fczel g\u00f6r\u00fcnmek i\u00e7in de\u011fil, bulunmak i\u00e7in vard\u0131r. Pixelora Digital olarak sitenizi arama motorlar\u0131na uyumlu hale getiriyor, h\u0131z optimizasyonlar\u0131yla kullan\u0131c\u0131 deneyimini en \u00fcst seviyeye \u00e7\u0131kar\u0131yoruz.<\/div>\r\n                <\/div>\r\n                <a class=\"rkit-cta-button \" type=\"button\" href=\"#\" target=\"_blank\" rel=\"nofollow\">\r\n                                                        <\/a>\r\n            <\/div>\r\n            <div class=\"rkit-cta-ribbon \">\r\n                <div class=\"rkit-cta-ribbon__inner\">\r\n                                    <\/div>\r\n            <\/div>\r\n        <\/div>\r\n\t\t\t\t<\/div>\n\t\t\t\t<\/div>\n\t\t\t\t<\/div>\n\t\t<div class=\"elementor-element elementor-element-7cc915ec e-con-full e-flex e-con e-child\" data-id=\"7cc915ec\" data-element_type=\"container\">\n\t\t\t\t<div class=\"elementor-element elementor-element-1008bef5 elementor-widget__width-initial elementor-widget elementor-widget-rkit-cta\" data-id=\"1008bef5\" data-element_type=\"widget\" data-widget_type=\"rkit-cta.default\">\n\t\t\t\t<div class=\"elementor-widget-container\">\n\t\t\t\t\t        <div class=\"rkit-cta rkit-cta-container-classic\">\r\n            <div class=\"rkit-cta-img__wrapper\">\r\n                <div class=\"rkit-cta-img__image move-up\" style=\"background-image:url('https:\/\/pixelora.alakazam.web.tr\/wp-content\/uploads\/2026\/01\/Img-8-1.jpg')\">\r\n                <\/div>\r\n                <div class=\"rkit-cta-img__overlay\">\r\n                <\/div>\r\n            <\/div>\r\n            <div class=\"rkit-cta-content__wrapper\">\r\n                                <div class=\"rkit-cta-text\">\r\n                    <h4 class=\"rkit-cta-title\">\u00d6l\u00e7\u00fclebilir Sonu\u00e7lar<\/h4>\r\n                    <div class=\"rkit-cta-description\">Yapt\u0131\u011f\u0131m\u0131z her \u00e7al\u0131\u015fmay\u0131 verilerle takip ederiz. Trafik art\u0131\u015f\u0131, d\u00f6n\u00fc\u015f\u00fcm oranlar\u0131 ve performans metrikleriyle projelerin ger\u00e7ek etkisini \u00f6l\u00e7er, s\u00fcrekli iyile\u015ftirme sa\u011flar\u0131z.<\/div>\r\n                <\/div>\r\n                <a class=\"rkit-cta-button \" type=\"button\" href=\"#\" target=\"_blank\" rel=\"nofollow\">\r\n                                                        <\/a>\r\n            <\/div>\r\n            <div class=\"rkit-cta-ribbon \">\r\n                <div class=\"rkit-cta-ribbon__inner\">\r\n                                    <\/div>\r\n            <\/div>\r\n        <\/div>\r\n\t\t\t\t<\/div>\n\t\t\t\t<\/div>\n\t\t\t\t<\/div>\n\t\t\t\t<\/div>\n\t\t\t\t<\/div>\n\t\t\t\t\t<\/div>\n\t\t\t\t<\/div>\n\t\t<div class=\"elementor-element elementor-element-1be68b69 e-con-full e-flex e-con e-parent\" data-id=\"1be68b69\" data-element_type=\"container\">\n\t\t\t\t<div class=\"elementor-element elementor-element-7389e503 e-transform elementor-widget elementor-widget-rkit-running_text\" data-id=\"7389e503\" data-element_type=\"widget\" data-settings=\"{&quot;_transform_rotateZ_effect&quot;:{&quot;unit&quot;:&quot;px&quot;,&quot;size&quot;:-3,&quot;sizes&quot;:[]},&quot;_transform_rotateZ_effect_tablet&quot;:{&quot;unit&quot;:&quot;deg&quot;,&quot;size&quot;:&quot;&quot;,&quot;sizes&quot;:[]},&quot;_transform_rotateZ_effect_mobile&quot;:{&quot;unit&quot;:&quot;deg&quot;,&quot;size&quot;:&quot;&quot;,&quot;sizes&quot;:[]}}\" data-widget_type=\"rkit-running_text.default\">\n\t\t\t\t<div class=\"elementor-widget-container\">\n\t\t\t\t\t\r\n        <div class=\"rkit-text-marquee\">\r\n            <div class=\"rkit-marquee-container\">\r\n                <div class=\"rkit-marquee-content \">\r\n                                            <div class=\"rkit-marquee-item elementor-repeater-item-16d1b12\">\r\n                            <h3 class=\"rkit-marquee-item-content\">\r\n\r\n                                \r\n                                                                    <div style=\"width: 0px; height:0px;\"> <\/div>\r\n                                \r\n\r\n                                <div class=\"rkit-running-text__text\">\r\n                                    WE BUILD BRAND THAT STAND OUT                                <\/div>\r\n\r\n                                <\/dh3>\r\n                        <\/div>\r\n                                            <div class=\"rkit-marquee-item elementor-repeater-item-39637a2\">\r\n                            <h3 class=\"rkit-marquee-item-content\">\r\n\r\n                                \r\n                                                                    <div style=\"width: 0px; height:0px;\"> <\/div>\r\n                                \r\n\r\n                                <div class=\"rkit-running-text__text\">\r\n                                    WE BUILD BRAND THAT STAND OUT                                <\/div>\r\n\r\n                                <\/dh3>\r\n                        <\/div>\r\n                                    <\/div>\r\n            <\/div>\r\n        <\/div>\r\n\t\t\t\t<\/div>\n\t\t\t\t<\/div>\n\t\t\t\t<div class=\"elementor-element elementor-element-52dd7d60 e-transform elementor-widget elementor-widget-rkit-running_text\" data-id=\"52dd7d60\" data-element_type=\"widget\" data-settings=\"{&quot;_transform_rotateZ_effect&quot;:{&quot;unit&quot;:&quot;px&quot;,&quot;size&quot;:1,&quot;sizes&quot;:[]},&quot;_transform_rotateZ_effect_tablet&quot;:{&quot;unit&quot;:&quot;deg&quot;,&quot;size&quot;:&quot;&quot;,&quot;sizes&quot;:[]},&quot;_transform_rotateZ_effect_mobile&quot;:{&quot;unit&quot;:&quot;deg&quot;,&quot;size&quot;:&quot;&quot;,&quot;sizes&quot;:[]}}\" data-widget_type=\"rkit-running_text.default\">\n\t\t\t\t<div class=\"elementor-widget-container\">\n\t\t\t\t\t\r\n        <div class=\"rkit-text-marquee\">\r\n            <div class=\"rkit-marquee-container\">\r\n                <div class=\"rkit-marquee-content \">\r\n                                            <div class=\"rkit-marquee-item elementor-repeater-item-16d1b12\">\r\n                            <h3 class=\"rkit-marquee-item-content\">\r\n\r\n                                <i aria-hidden=\"true\" class=\"rkit-running-text__icon rtmicon-thin rtmicon-boost-creativity\"><\/i>\r\n                                                                    <div style=\"width: 0px; height:0px;\"> <\/div>\r\n                                \r\n\r\n                                <div class=\"rkit-running-text__text\">\r\n                                    BRANDING                                <\/div>\r\n\r\n                                <\/dh3>\r\n                        <\/div>\r\n                                            <div class=\"rkit-marquee-item elementor-repeater-item-8383712\">\r\n                            <h3 class=\"rkit-marquee-item-content\">\r\n\r\n                                <i aria-hidden=\"true\" class=\"rkit-running-text__icon rtmicon-thin rtmicon-web-design\"><\/i>\r\n                                                                    <div style=\"width: 0px; height:0px;\"> <\/div>\r\n                                \r\n\r\n                                <div class=\"rkit-running-text__text\">\r\n                                    UI\/UX                                <\/div>\r\n\r\n                                <\/dh3>\r\n                        <\/div>\r\n                                            <div class=\"rkit-marquee-item elementor-repeater-item-00c1ae7\">\r\n                            <h3 class=\"rkit-marquee-item-content\">\r\n\r\n                                <i aria-hidden=\"true\" class=\"rkit-running-text__icon rtmicon-thin rtmicon-branding-design\"><\/i>\r\n                                                                    <div style=\"width: 0px; height:0px;\"> <\/div>\r\n                                \r\n\r\n                                <div class=\"rkit-running-text__text\">\r\n                                    WEB DESIGN                                <\/div>\r\n\r\n                                <\/dh3>\r\n                        <\/div>\r\n                                            <div class=\"rkit-marquee-item elementor-repeater-item-212dd14\">\r\n                            <h3 class=\"rkit-marquee-item-content\">\r\n\r\n                                <i aria-hidden=\"true\" class=\"rkit-running-text__icon rtmicon-thin rtmicon-comments\"><\/i>\r\n                                                                    <div style=\"width: 0px; height:0px;\"> <\/div>\r\n                                \r\n\r\n                                <div class=\"rkit-running-text__text\">\r\n                                     SOCIAL MARKETING                                <\/div>\r\n\r\n                                <\/dh3>\r\n                        <\/div>\r\n                                            <div class=\"rkit-marquee-item elementor-repeater-item-2c1a57a\">\r\n                            <h3 class=\"rkit-marquee-item-content\">\r\n\r\n                                <i aria-hidden=\"true\" class=\"rkit-running-text__icon rtmicon-thin rtmicon-clapperboard-video\"><\/i>\r\n                                                                    <div style=\"width: 0px; height:0px;\"> <\/div>\r\n                                \r\n\r\n                                <div class=\"rkit-running-text__text\">\r\n                                    DIGITAL MARKETING                                <\/div>\r\n\r\n                                <\/dh3>\r\n                        <\/div>\r\n                                    <\/div>\r\n            <\/div>\r\n        <\/div>\r\n\t\t\t\t<\/div>\n\t\t\t\t<\/div>\n\t\t\t\t<\/div>\n\t\t<div class=\"elementor-element elementor-element-159f6337 e-flex e-con-boxed e-con e-parent\" data-id=\"159f6337\" data-element_type=\"container\" data-settings=\"{&quot;background_background&quot;:&quot;gradient&quot;}\">\n\t\t\t\t\t<div class=\"e-con-inner\">\n\t\t\t\t<div class=\"elementor-element elementor-element-2a19fd4c elementor-view-stacked elementor-position-block-end elementor-widget__width-initial elementor-mobile-position-inline-end e-transform elementor-shape-circle elementor-widget elementor-widget-icon-box\" data-id=\"2a19fd4c\" data-element_type=\"widget\" data-settings=\"{&quot;_transform_translateY_effect_hover&quot;:{&quot;unit&quot;:&quot;px&quot;,&quot;size&quot;:-10,&quot;sizes&quot;:[]},&quot;_transform_translateX_effect_hover&quot;:{&quot;unit&quot;:&quot;px&quot;,&quot;size&quot;:&quot;&quot;,&quot;sizes&quot;:[]},&quot;_transform_translateX_effect_hover_tablet&quot;:{&quot;unit&quot;:&quot;px&quot;,&quot;size&quot;:&quot;&quot;,&quot;sizes&quot;:[]},&quot;_transform_translateX_effect_hover_mobile&quot;:{&quot;unit&quot;:&quot;px&quot;,&quot;size&quot;:&quot;&quot;,&quot;sizes&quot;:[]},&quot;_transform_translateY_effect_hover_tablet&quot;:{&quot;unit&quot;:&quot;px&quot;,&quot;size&quot;:&quot;&quot;,&quot;sizes&quot;:[]},&quot;_transform_translateY_effect_hover_mobile&quot;:{&quot;unit&quot;:&quot;px&quot;,&quot;size&quot;:&quot;&quot;,&quot;sizes&quot;:[]}}\" data-widget_type=\"icon-box.default\">\n\t\t\t\t\t\t\t<div class=\"elementor-icon-box-wrapper\">\n\n\t\t\t\t\t\t<div class=\"elementor-icon-box-icon\">\n\t\t\t\t<a href=\"#\" class=\"elementor-icon\" tabindex=\"-1\" aria-label=\"Bize Ula\u015f\u0131n\">\n\t\t\t\t<i aria-hidden=\"true\" class=\"rtmicon rtmicon-arrow-right\"><\/i>\t\t\t\t<\/a>\n\t\t\t<\/div>\n\t\t\t\n\t\t\t\t\t\t<div class=\"elementor-icon-box-content\">\n\n\t\t\t\t\t\t\t\t\t<span class=\"elementor-icon-box-title\">\n\t\t\t\t\t\t<a href=\"#\" >\n\t\t\t\t\t\t\tBize Ula\u015f\u0131n\t\t\t\t\t\t<\/a>\n\t\t\t\t\t<\/span>\n\t\t\t\t\n\t\t\t\t\n\t\t\t<\/div>\n\t\t\t\n\t\t<\/div>\n\t\t\t\t\t\t<\/div>\n\t\t\t\t\t<\/div>\n\t\t\t\t<\/div>\n\t\t\t\t<\/div>\n\t\t","protected":false},"excerpt":{"rendered":"<p>Hakk\u0131m\u0131zda Dijitalde G\u00fc\u00e7l\u00fc Markalar \u0130n\u015fa Ediyoruz. Pixelora Digital, markalar\u0131n dijital d\u00fcnyada g\u00f6r\u00fcn\u00fcr, g\u00fc\u00e7l\u00fc ve s\u00fcrd\u00fcr\u00fclebilir bir yap\u0131ya sahip olmas\u0131 i\u00e7in strateji, tasar\u0131m ve teknoloji odakl\u0131 \u00e7\u00f6z\u00fcmler sunan bir dijital ajanst\u0131r. + M\u00fc\u015fteri + Y\u0131ll\u0131k Trcr\u00fcbe M+ Reklam Y\u00f6netimi Neden Bizi Tercih Etmelisiniz? Strateji Odakl\u0131 Yakla\u015f\u0131m Her projeye tasar\u0131mla de\u011fil, stratejiyle ba\u015fl\u0131yoruz. Markan\u0131z\u0131, hedef kitlenizi ve [&hellip;]<\/p>\n","protected":false},"author":1,"featured_media":0,"parent":0,"menu_order":0,"comment_status":"closed","ping_status":"closed","template":"elementor_header_footer","meta":{"footnotes":""},"class_list":["post-116","page","type-page","status-publish","hentry"],"_links":{"self":[{"href":"https:\/\/pixelora.alakazam.web.tr\/index.php\/wp-json\/wp\/v2\/pages\/116","targetHints":{"allow":["GET"]}}],"collection":[{"href":"https:\/\/pixelora.alakazam.web.tr\/index.php\/wp-json\/wp\/v2\/pages"}],"about":[{"href":"https:\/\/pixelora.alakazam.web.tr\/index.php\/wp-json\/wp\/v2\/types\/page"}],"author":[{"embeddable":true,"href":"https:\/\/pixelora.alakazam.web.tr\/index.php\/wp-json\/wp\/v2\/users\/1"}],"replies":[{"embeddable":true,"href":"https:\/\/pixelora.alakazam.web.tr\/index.php\/wp-json\/wp\/v2\/comments?post=116"}],"version-history":[{"count":16,"href":"https:\/\/pixelora.alakazam.web.tr\/index.php\/wp-json\/wp\/v2\/pages\/116\/revisions"}],"predecessor-version":[{"id":201,"href":"https:\/\/pixelora.alakazam.web.tr\/index.php\/wp-json\/wp\/v2\/pages\/116\/revisions\/201"}],"wp:attachment":[{"href":"https:\/\/pixelora.alakazam.web.tr\/index.php\/wp-json\/wp\/v2\/media?parent=116"}],"curies":[{"name":"wp","href":"https:\/\/api.w.org\/{rel}","templated":true}]}}