{"id":221,"date":"2026-02-25T14:12:47","date_gmt":"2026-02-25T11:12:47","guid":{"rendered":"https:\/\/pixelora.alakazam.web.tr\/?page_id=221"},"modified":"2026-02-25T14:25:07","modified_gmt":"2026-02-25T11:25:07","slug":"grafik-tasarim","status":"publish","type":"page","link":"https:\/\/pixelora.alakazam.web.tr\/index.php\/grafik-tasarim\/","title":{"rendered":"Grafik Tasar\u0131m"},"content":{"rendered":"\t\t<div data-elementor-type=\"wp-page\" data-elementor-id=\"221\" class=\"elementor elementor-221\" data-elementor-post-type=\"page\">\n\t\t\t\t<div class=\"elementor-element elementor-element-4bf6e50d e-flex e-con-boxed e-con e-parent\" data-id=\"4bf6e50d\" data-element_type=\"container\">\n\t\t\t\t\t<div class=\"e-con-inner\">\n\t\t\t\t<div class=\"elementor-element elementor-element-342848d2 elementor-widget elementor-widget-rkit_advanced_heading\" data-id=\"342848d2\" data-element_type=\"widget\" data-widget_type=\"rkit_advanced_heading.default\">\n\t\t\t\t<div class=\"elementor-widget-container\">\n\t\t\t\t\t<div class=\"rkit-advanced-heading-wrapper\"><h1 class=\"rkit-advanced-heading\"><span class=\"text-container\"><span class=\"text\">Grafik Tasar\u0131m<\/span><\/span><\/h1><\/div>\t\t\t\t<\/div>\n\t\t\t\t<\/div>\n\t\t\t\t\t<\/div>\n\t\t\t\t<\/div>\n\t\t<div class=\"elementor-element elementor-element-408666c8 e-flex e-con-boxed e-con e-parent\" data-id=\"408666c8\" data-element_type=\"container\">\n\t\t\t\t\t<div class=\"e-con-inner\">\n\t\t<div class=\"elementor-element elementor-element-4d9c2eb8 e-con-full e-flex e-con e-child\" data-id=\"4d9c2eb8\" data-element_type=\"container\">\n\t\t\t\t<div class=\"elementor-element elementor-element-33957e56 elementor-widget__width-initial elementor-widget elementor-widget-heading\" data-id=\"33957e56\" data-element_type=\"widget\" data-widget_type=\"heading.default\">\n\t\t\t\t\t<h4 class=\"elementor-heading-title elementor-size-default\">Markan\u0131z\u0131 G\u00f6rsellerle G\u00fc\u00e7lendiren, Etkile\u015fim Odakl\u0131 Tasar\u0131m \u00c7\u00f6z\u00fcmleri<\/h4>\t\t\t\t<\/div>\n\t\t\t\t<div class=\"elementor-element elementor-element-59a62117 elementor-widget elementor-widget-text-editor\" data-id=\"59a62117\" data-element_type=\"widget\" data-widget_type=\"text-editor.default\">\n\t\t\t\t\t\t\t\t\t<p data-start=\"234\" data-end=\"512\">Grafik tasar\u0131m hizmetimiz; markan\u0131z\u0131n g\u00f6rsel kimli\u011fini g\u00fc\u00e7lendirir, hedef kitlenizle etkili ve unutulmaz bir ba\u011f kurman\u0131z\u0131 sa\u011flar. Yarat\u0131c\u0131 konsept geli\u015ftirme, \u00f6zg\u00fcn tasar\u0131m \u00fcretimi ve g\u00f6rsel performans analizi ile t\u00fcm tasar\u0131m ihtiya\u00e7lar\u0131n\u0131z\u0131 profesyonel \u015fekilde kar\u015f\u0131l\u0131yoruz.<\/p><p data-start=\"514\" data-end=\"789\">\u00a0<\/p>\t\t\t\t\t\t\t\t<\/div>\n\t\t\t\t<div class=\"elementor-element elementor-element-26a35e22 elementor-widget elementor-widget-text-editor\" data-id=\"26a35e22\" data-element_type=\"widget\" data-widget_type=\"text-editor.default\">\n\t\t\t\t\t\t\t\t\t<p data-start=\"514\" data-end=\"789\">Amac\u0131m\u0131z sadece g\u00f6rsel \u00fcretmek de\u011fil; markan\u0131z\u0131n alg\u0131s\u0131n\u0131 g\u00fc\u00e7lendirmek, ileti\u015fimini desteklemek ve hedef kitleniz \u00fczerinde kal\u0131c\u0131 bir etki b\u0131rakmakt\u0131r. Logo, sosyal medya g\u00f6rseli, reklam tasar\u0131m\u0131 veya kurumsal materyal tasar\u0131mlar\u0131n\u0131z\u0131n t\u00fcm s\u00fcrecini ba\u015ftan sona y\u00f6netiyoruz.<\/p><p data-start=\"791\" data-end=\"916\">Her marka farkl\u0131d\u0131r. Bu nedenle sekt\u00f6r\u00fcn\u00fcze, hedef kitlenize ve ileti\u015fim tonunuza \u00f6zel tasar\u0131m stratejileri geli\u015ftiriyoruz.<\/p>\t\t\t\t\t\t\t\t<\/div>\n\t\t\t\t<div class=\"elementor-element elementor-element-29215633 elementor-widget elementor-widget-heading\" data-id=\"29215633\" data-element_type=\"widget\" data-widget_type=\"heading.default\">\n\t\t\t\t\t<h4 class=\"elementor-heading-title elementor-size-default\">Neler Sunuyoruz?<\/h4>\t\t\t\t<\/div>\n\t\t\t\t<div class=\"elementor-element elementor-element-338a740 elementor-widget elementor-widget-header-info\" data-id=\"338a740\" data-element_type=\"widget\" data-widget_type=\"header-info.default\">\n\t\t\t\t<div class=\"elementor-widget-container\">\n\t\t\t\t\t<div class=\"rkit-headerinfo\">            <div class=\"rkit-list-headerinfo\">\r\n                <div class=\"rkit-headerinfo-icon\">\r\n                    <i aria-hidden=\"true\" class=\"rtmicon rtmicon-check\"><\/i>                <\/div>\r\n                <a class=\"rkit-headerinfo-text\" > Marka kimli\u011fi ve logo tasar\u0131m\u0131<\/a>\r\n            <\/div>\r\n            <div class=\"rkit-list-headerinfo\">\r\n                <div class=\"rkit-headerinfo-icon\">\r\n                    <i aria-hidden=\"true\" class=\"rtmicon rtmicon-check\"><\/i>                <\/div>\r\n                <a class=\"rkit-headerinfo-text\" > Kurumsal kimlik ve kurumsal materyal tasar\u0131m\u0131<\/a>\r\n            <\/div>\r\n            <div class=\"rkit-list-headerinfo\">\r\n                <div class=\"rkit-headerinfo-icon\">\r\n                    <i aria-hidden=\"true\" class=\"rtmicon rtmicon-check\"><\/i>                <\/div>\r\n                <a class=\"rkit-headerinfo-text\" > Sosyal medya post, story ve reklam g\u00f6rsel tasar\u0131mlar\u0131<\/a>\r\n            <\/div>\r\n<\/div>\t\t\t\t<\/div>\n\t\t\t\t<\/div>\n\t\t\t\t<\/div>\n\t\t\t\t\t<\/div>\n\t\t\t\t<\/div>\n\t\t\t\t<\/div>\n\t\t","protected":false},"excerpt":{"rendered":"<p>Grafik Tasar\u0131m Markan\u0131z\u0131 G\u00f6rsellerle G\u00fc\u00e7lendiren, Etkile\u015fim Odakl\u0131 Tasar\u0131m \u00c7\u00f6z\u00fcmleri Grafik tasar\u0131m hizmetimiz; markan\u0131z\u0131n g\u00f6rsel kimli\u011fini g\u00fc\u00e7lendirir, hedef kitlenizle etkili ve unutulmaz bir ba\u011f kurman\u0131z\u0131 sa\u011flar. Yarat\u0131c\u0131 konsept geli\u015ftirme, \u00f6zg\u00fcn tasar\u0131m \u00fcretimi ve g\u00f6rsel performans analizi ile t\u00fcm tasar\u0131m ihtiya\u00e7lar\u0131n\u0131z\u0131 profesyonel \u015fekilde kar\u015f\u0131l\u0131yoruz. \u00a0 Amac\u0131m\u0131z sadece g\u00f6rsel \u00fcretmek de\u011fil; markan\u0131z\u0131n alg\u0131s\u0131n\u0131 g\u00fc\u00e7lendirmek, ileti\u015fimini desteklemek ve hedef [&hellip;]<\/p>\n","protected":false},"author":1,"featured_media":0,"parent":0,"menu_order":0,"comment_status":"closed","ping_status":"closed","template":"elementor_header_footer","meta":{"footnotes":""},"class_list":["post-221","page","type-page","status-publish","hentry"],"_links":{"self":[{"href":"https:\/\/pixelora.alakazam.web.tr\/index.php\/wp-json\/wp\/v2\/pages\/221","targetHints":{"allow":["GET"]}}],"collection":[{"href":"https:\/\/pixelora.alakazam.web.tr\/index.php\/wp-json\/wp\/v2\/pages"}],"about":[{"href":"https:\/\/pixelora.alakazam.web.tr\/index.php\/wp-json\/wp\/v2\/types\/page"}],"author":[{"embeddable":true,"href":"https:\/\/pixelora.alakazam.web.tr\/index.php\/wp-json\/wp\/v2\/users\/1"}],"replies":[{"embeddable":true,"href":"https:\/\/pixelora.alakazam.web.tr\/index.php\/wp-json\/wp\/v2\/comments?post=221"}],"version-history":[{"count":4,"href":"https:\/\/pixelora.alakazam.web.tr\/index.php\/wp-json\/wp\/v2\/pages\/221\/revisions"}],"predecessor-version":[{"id":236,"href":"https:\/\/pixelora.alakazam.web.tr\/index.php\/wp-json\/wp\/v2\/pages\/221\/revisions\/236"}],"wp:attachment":[{"href":"https:\/\/pixelora.alakazam.web.tr\/index.php\/wp-json\/wp\/v2\/media?parent=221"}],"curies":[{"name":"wp","href":"https:\/\/api.w.org\/{rel}","templated":true}]}}